{"id":466,"date":"2021-12-10T13:48:06","date_gmt":"2021-12-10T12:48:06","guid":{"rendered":"http:\/\/www.casapietra.fr\/index.php\/466-2\/"},"modified":"2024-09-11T16:59:26","modified_gmt":"2024-09-11T14:59:26","slug":"notre-concept","status":"publish","type":"page","link":"https:\/\/www.casapietra.fr\/index.php\/notre-concept\/","title":{"rendered":"Notre concept"},"content":{"rendered":"\t\t<div data-elementor-type=\"wp-page\" data-elementor-id=\"466\" class=\"elementor elementor-466\">\n\t\t\t\t\t\t\t\t\t<section class=\"elementor-section elementor-top-section elementor-element elementor-element-63c6c57 elementor-section-boxed elementor-section-height-default elementor-section-height-default\" data-id=\"63c6c57\" data-element_type=\"section\">\n\t\t\t\t\t\t<div class=\"elementor-container elementor-column-gap-default\">\n\t\t\t\t\t<div class=\"elementor-column elementor-col-100 elementor-top-column elementor-element elementor-element-243e2be\" data-id=\"243e2be\" data-element_type=\"column\">\n\t\t\t<div class=\"elementor-widget-wrap elementor-element-populated\">\n\t\t\t\t\t\t\t\t<div class=\"elementor-element elementor-element-53ea8f4 elementor-widget elementor-widget-heading\" data-id=\"53ea8f4\" data-element_type=\"widget\" data-widget_type=\"heading.default\">\n\t\t\t\t<div class=\"elementor-widget-container\">\n\t\t\t<style>\/*! elementor - v3.11.5 - 14-03-2023 *\/\n.elementor-heading-title{padding:0;margin:0;line-height:1}.elementor-widget-heading .elementor-heading-title[class*=elementor-size-]>a{color:inherit;font-size:inherit;line-height:inherit}.elementor-widget-heading .elementor-heading-title.elementor-size-small{font-size:15px}.elementor-widget-heading .elementor-heading-title.elementor-size-medium{font-size:19px}.elementor-widget-heading .elementor-heading-title.elementor-size-large{font-size:29px}.elementor-widget-heading .elementor-heading-title.elementor-size-xl{font-size:39px}.elementor-widget-heading .elementor-heading-title.elementor-size-xxl{font-size:59px}<\/style><h2 class=\"elementor-heading-title elementor-size-default\"><h1 class=\"u-align-center u-text u-text-2\" style=\"margin-bottom: 0px; font-size: 3.5rem; line-height: 1.26012; position: relative; flex-shrink: 0; text-align: center; white-space-collapse: collapse;\">Saisir, griller, braiser, dorer, mijoter<\/h1><\/h2>\t\t<\/div>\n\t\t\t\t<\/div>\n\t\t\t\t\t<\/div>\n\t\t<\/div>\n\t\t\t\t\t\t\t<\/div>\n\t\t<\/section>\n\t\t\t\t<section class=\"elementor-section elementor-top-section elementor-element elementor-element-1aaa9a0 elementor-section-boxed elementor-section-height-default elementor-section-height-default\" data-id=\"1aaa9a0\" data-element_type=\"section\">\n\t\t\t\t\t\t<div class=\"elementor-container elementor-column-gap-default\">\n\t\t\t\t\t<div class=\"elementor-column elementor-col-50 elementor-top-column elementor-element elementor-element-80fe193\" data-id=\"80fe193\" data-element_type=\"column\">\n\t\t\t<div class=\"elementor-widget-wrap elementor-element-populated\">\n\t\t\t\t\t\t\t\t<div class=\"elementor-element elementor-element-6cc1fd0 elementor-widget elementor-widget-image\" data-id=\"6cc1fd0\" data-element_type=\"widget\" data-widget_type=\"image.default\">\n\t\t\t\t<div class=\"elementor-widget-container\">\n\t\t\t<style>\/*! elementor - v3.11.5 - 14-03-2023 *\/\n.elementor-widget-image{text-align:center}.elementor-widget-image a{display:inline-block}.elementor-widget-image a img[src$=\".svg\"]{width:48px}.elementor-widget-image img{vertical-align:middle;display:inline-block}<\/style>\t\t\t\t\t\t\t\t\t\t\t\t<img width=\"1024\" height=\"819\" src=\"https:\/\/www.casapietra.fr\/wp-content\/uploads\/2024\/09\/ambiance-viandes--1024x819.png\" class=\"attachment-large size-large wp-image-836\" alt=\"\" loading=\"lazy\" srcset=\"https:\/\/www.casapietra.fr\/wp-content\/uploads\/2024\/09\/ambiance-viandes--1024x819.png 1024w, https:\/\/www.casapietra.fr\/wp-content\/uploads\/2024\/09\/ambiance-viandes--300x240.png 300w, https:\/\/www.casapietra.fr\/wp-content\/uploads\/2024\/09\/ambiance-viandes--768x614.png 768w, https:\/\/www.casapietra.fr\/wp-content\/uploads\/2024\/09\/ambiance-viandes--1536x1229.png 1536w, https:\/\/www.casapietra.fr\/wp-content\/uploads\/2024\/09\/ambiance-viandes-.png 2000w\" sizes=\"(max-width: 1024px) 100vw, 1024px\" \/>\t\t\t\t\t\t\t\t\t\t\t\t\t\t\t<\/div>\n\t\t\t\t<\/div>\n\t\t\t\t\t<\/div>\n\t\t<\/div>\n\t\t\t\t<div class=\"elementor-column elementor-col-50 elementor-top-column elementor-element elementor-element-d034e7b\" data-id=\"d034e7b\" data-element_type=\"column\">\n\t\t\t<div class=\"elementor-widget-wrap elementor-element-populated\">\n\t\t\t\t\t\t\t\t<div class=\"elementor-element elementor-element-f746cef elementor-widget elementor-widget-text-editor\" data-id=\"f746cef\" data-element_type=\"widget\" data-widget_type=\"text-editor.default\">\n\t\t\t\t<div class=\"elementor-widget-container\">\n\t\t\t<style>\/*! elementor - v3.11.5 - 14-03-2023 *\/\n.elementor-widget-text-editor.elementor-drop-cap-view-stacked .elementor-drop-cap{background-color:#818a91;color:#fff}.elementor-widget-text-editor.elementor-drop-cap-view-framed .elementor-drop-cap{color:#818a91;border:3px solid;background-color:transparent}.elementor-widget-text-editor:not(.elementor-drop-cap-view-default) .elementor-drop-cap{margin-top:8px}.elementor-widget-text-editor:not(.elementor-drop-cap-view-default) .elementor-drop-cap-letter{width:1em;height:1em}.elementor-widget-text-editor .elementor-drop-cap{float:left;text-align:center;line-height:1;font-size:50px}.elementor-widget-text-editor .elementor-drop-cap-letter{display:inline-block}<\/style>\t\t\t\t<p>Venez d\u00e9couvrir une cuisine \u00e0 partir de produits<br \/>locaux au feu de bois. Notre Chef vous propose une cuisine authentique<br \/>inspir\u00e9e par les saisons, les producteurs du coin, et nous incite \u00e0<br \/>revisiter de nouvelles saveurs. Vous d\u00e9couvrirez<br \/>l\u2019exp\u00e9rience d\u2019une v\u00e9ritable r\u00f4tisserie \u00e0 travers<br \/>des produits de qualit\u00e9 soigneusement s\u00e9lectionn\u00e9s aupr\u00e8s d\u2019\u00e9leveurs et<br \/>d\u2019agriculteurs passionn\u00e9s.<br \/>Les amateurs de viande appr\u00e9cieront le go\u00fbt unique de la cuisson au feu de bois qui sublime les pi\u00e8ces de viande d\u2019exception.<br \/>Notre nom a des accents m\u00e9diterran\u00e9ens, de ce<br \/>fait nous aurons le plaisir, selon les arrivages, de vous proposer des<br \/>poissons entiers cuits \u00e0 la braise, de quoi affoler vos papilles !<br \/>La cuisine au feu de bois est r\u00e9confortante,<br \/>conviviale \u00e0 tout moment de l\u2019ann\u00e9e : nous nous retrouverons lors de<br \/>soir\u00e9es autour d\u2019un savoureux poulet fermier r\u00f4ti, d\u2019un barbecue, d\u2019un<br \/>cochon de lait \u00e0 la broche\u2026 Notre restaurant dispose<br \/>\u00e9galement d\u2019une cave \u00e0 vin et notre personnel<br \/>chaleureux et sympathique vous accueille dans un cadre design et<br \/>convivial \u00e0 S\u00e9lestat.<\/p>\t\t\t\t\t\t<\/div>\n\t\t\t\t<\/div>\n\t\t\t\t\t<\/div>\n\t\t<\/div>\n\t\t\t\t\t\t\t<\/div>\n\t\t<\/section>\n\t\t\t\t<section class=\"elementor-section elementor-top-section elementor-element elementor-element-01998db elementor-section-boxed elementor-section-height-default elementor-section-height-default\" data-id=\"01998db\" data-element_type=\"section\">\n\t\t\t\t\t\t<div class=\"elementor-container elementor-column-gap-default\">\n\t\t\t\t\t<div class=\"elementor-column elementor-col-100 elementor-top-column elementor-element elementor-element-d50cce6\" data-id=\"d50cce6\" data-element_type=\"column\">\n\t\t\t<div class=\"elementor-widget-wrap elementor-element-populated\">\n\t\t\t\t\t\t\t\t<div class=\"elementor-element elementor-element-ba54701 elementor-align-center elementor-widget elementor-widget-button\" data-id=\"ba54701\" data-element_type=\"widget\" data-widget_type=\"button.default\">\n\t\t\t\t<div class=\"elementor-widget-container\">\n\t\t\t\t\t<div class=\"elementor-button-wrapper\">\n\t\t\t<a href=\"https:\/\/www.casapietra.fr\/index.php\/notre-carte\/\" class=\"elementor-button-link elementor-button elementor-size-sm\" role=\"button\">\n\t\t\t\t\t\t<span class=\"elementor-button-content-wrapper\">\n\t\t\t\t\t\t<span class=\"elementor-button-text\">D\u00e9couvrir notre carte<\/span>\n\t\t<\/span>\n\t\t\t\t\t<\/a>\n\t\t<\/div>\n\t\t\t\t<\/div>\n\t\t\t\t<\/div>\n\t\t\t\t\t<\/div>\n\t\t<\/div>\n\t\t\t\t\t\t\t<\/div>\n\t\t<\/section>\n\t\t\t\t\t\t\t<\/div>\n\t\t","protected":false},"excerpt":{"rendered":"<p>Saisir, griller, braiser, dorer, mijoter Venez d\u00e9couvrir une cuisine \u00e0 partir de produitslocaux au feu de bois. Notre Chef vous propose une cuisine authentiqueinspir\u00e9e par les saisons, les producteurs du coin, et nous incite \u00e0revisiter de nouvelles saveurs. Vous d\u00e9couvrirezl\u2019exp\u00e9rience d\u2019une v\u00e9ritable r\u00f4tisserie \u00e0 traversdes produits de qualit\u00e9 soigneusement s\u00e9lectionn\u00e9s aupr\u00e8s d\u2019\u00e9leveurs etd\u2019agriculteurs passionn\u00e9s.Les amateurs [&hellip;]<\/p>\n","protected":false},"author":1,"featured_media":0,"parent":0,"menu_order":0,"comment_status":"closed","ping_status":"closed","template":"","meta":[],"yoast_head":"<!-- This site is optimized with the Yoast SEO plugin v19.4 - https:\/\/yoast.com\/wordpress\/plugins\/seo\/ -->\n<title>Notre concept - Restaurant Casa Pietra \u00e0 S\u00e9lestat, Alsace<\/title>\n<meta name=\"description\" content=\"D\u00e9couvrez un restaurant bistronomique proposant des produits de qualit\u00e9 s\u00e9lectionn\u00e9s aupr\u00e8s d&#039;\u00e9leveurs et d&#039;agriculteurs passionn\u00e9s.\" \/>\n<meta name=\"robots\" content=\"index, follow, max-snippet:-1, max-image-preview:large, max-video-preview:-1\" \/>\n<link rel=\"canonical\" href=\"https:\/\/www.casapietra.fr\/index.php\/notre-concept\/\" \/>\n<meta property=\"og:locale\" content=\"fr_FR\" \/>\n<meta property=\"og:type\" content=\"article\" \/>\n<meta property=\"og:title\" content=\"Notre concept - Restaurant Casa Pietra \u00e0 S\u00e9lestat, Alsace\" \/>\n<meta property=\"og:description\" content=\"D\u00e9couvrez un restaurant bistronomique proposant des produits de qualit\u00e9 s\u00e9lectionn\u00e9s aupr\u00e8s d&#039;\u00e9leveurs et d&#039;agriculteurs passionn\u00e9s.\" \/>\n<meta property=\"og:url\" content=\"https:\/\/www.casapietra.fr\/index.php\/notre-concept\/\" \/>\n<meta property=\"og:site_name\" content=\"CASAPIETRA\" \/>\n<meta property=\"article:publisher\" content=\"https:\/\/www.facebook.com\/casapietrarestaurant\/\" \/>\n<meta property=\"article:modified_time\" content=\"2024-09-11T14:59:26+00:00\" \/>\n<meta property=\"og:image\" content=\"https:\/\/www.casapietra.fr\/wp-content\/uploads\/2024\/09\/ambiance-viandes--1024x819.png\" \/>\n<meta name=\"twitter:card\" content=\"summary_large_image\" \/>\n<meta name=\"twitter:label1\" content=\"Dur\u00e9e de lecture estim\u00e9e\" \/>\n\t<meta name=\"twitter:data1\" content=\"2 minutes\" \/>\n<script type=\"application\/ld+json\" class=\"yoast-schema-graph\">{\"@context\":\"https:\/\/schema.org\",\"@graph\":[{\"@type\":\"Organization\",\"@id\":\"https:\/\/www.casapietra.fr\/#organization\",\"name\":\"Casa Pietra\",\"url\":\"https:\/\/www.casapietra.fr\/\",\"sameAs\":[\"https:\/\/www.instagram.com\/casapietra_restaurant\/\",\"https:\/\/www.facebook.com\/casapietrarestaurant\/\"],\"logo\":{\"@type\":\"ImageObject\",\"inLanguage\":\"fr-FR\",\"@id\":\"https:\/\/www.casapietra.fr\/#\/schema\/logo\/image\/\",\"url\":\"http:\/\/www.casapietra.fr\/wp-content\/uploads\/2021\/05\/cropped-cropped-LOGO-CASA-PIETRA-150150.jpg\",\"contentUrl\":\"http:\/\/www.casapietra.fr\/wp-content\/uploads\/2021\/05\/cropped-cropped-LOGO-CASA-PIETRA-150150.jpg\",\"width\":150,\"height\":150,\"caption\":\"Casa Pietra\"},\"image\":{\"@id\":\"https:\/\/www.casapietra.fr\/#\/schema\/logo\/image\/\"}},{\"@type\":\"WebSite\",\"@id\":\"https:\/\/www.casapietra.fr\/#website\",\"url\":\"https:\/\/www.casapietra.fr\/\",\"name\":\"CASAPIETRA\",\"description\":\"Cuisine locale\",\"publisher\":{\"@id\":\"https:\/\/www.casapietra.fr\/#organization\"},\"potentialAction\":[{\"@type\":\"SearchAction\",\"target\":{\"@type\":\"EntryPoint\",\"urlTemplate\":\"https:\/\/www.casapietra.fr\/?s={search_term_string}\"},\"query-input\":\"required name=search_term_string\"}],\"inLanguage\":\"fr-FR\"},{\"@type\":\"WebPage\",\"@id\":\"https:\/\/www.casapietra.fr\/index.php\/notre-concept\/\",\"url\":\"https:\/\/www.casapietra.fr\/index.php\/notre-concept\/\",\"name\":\"Notre concept - Restaurant Casa Pietra \u00e0 S\u00e9lestat, Alsace\",\"isPartOf\":{\"@id\":\"https:\/\/www.casapietra.fr\/#website\"},\"datePublished\":\"2021-12-10T12:48:06+00:00\",\"dateModified\":\"2024-09-11T14:59:26+00:00\",\"description\":\"D\u00e9couvrez un restaurant bistronomique proposant des produits de qualit\u00e9 s\u00e9lectionn\u00e9s aupr\u00e8s d'\u00e9leveurs et d'agriculteurs passionn\u00e9s.\",\"breadcrumb\":{\"@id\":\"https:\/\/www.casapietra.fr\/index.php\/notre-concept\/#breadcrumb\"},\"inLanguage\":\"fr-FR\",\"potentialAction\":[{\"@type\":\"ReadAction\",\"target\":[\"https:\/\/www.casapietra.fr\/index.php\/notre-concept\/\"]}]},{\"@type\":\"BreadcrumbList\",\"@id\":\"https:\/\/www.casapietra.fr\/index.php\/notre-concept\/#breadcrumb\",\"itemListElement\":[{\"@type\":\"ListItem\",\"position\":1,\"name\":\"Accueil\",\"item\":\"https:\/\/www.casapietra.fr\/\"},{\"@type\":\"ListItem\",\"position\":2,\"name\":\"Notre concept\"}]}]}<\/script>\n<!-- \/ Yoast SEO plugin. -->","yoast_head_json":{"title":"Notre concept - Restaurant Casa Pietra \u00e0 S\u00e9lestat, Alsace","description":"D\u00e9couvrez un restaurant bistronomique proposant des produits de qualit\u00e9 s\u00e9lectionn\u00e9s aupr\u00e8s d'\u00e9leveurs et d'agriculteurs passionn\u00e9s.","robots":{"index":"index","follow":"follow","max-snippet":"max-snippet:-1","max-image-preview":"max-image-preview:large","max-video-preview":"max-video-preview:-1"},"canonical":"https:\/\/www.casapietra.fr\/index.php\/notre-concept\/","og_locale":"fr_FR","og_type":"article","og_title":"Notre concept - Restaurant Casa Pietra \u00e0 S\u00e9lestat, Alsace","og_description":"D\u00e9couvrez un restaurant bistronomique proposant des produits de qualit\u00e9 s\u00e9lectionn\u00e9s aupr\u00e8s d'\u00e9leveurs et d'agriculteurs passionn\u00e9s.","og_url":"https:\/\/www.casapietra.fr\/index.php\/notre-concept\/","og_site_name":"CASAPIETRA","article_publisher":"https:\/\/www.facebook.com\/casapietrarestaurant\/","article_modified_time":"2024-09-11T14:59:26+00:00","og_image":[{"url":"https:\/\/www.casapietra.fr\/wp-content\/uploads\/2024\/09\/ambiance-viandes--1024x819.png"}],"twitter_card":"summary_large_image","twitter_misc":{"Dur\u00e9e de lecture estim\u00e9e":"2 minutes"},"schema":{"@context":"https:\/\/schema.org","@graph":[{"@type":"Organization","@id":"https:\/\/www.casapietra.fr\/#organization","name":"Casa Pietra","url":"https:\/\/www.casapietra.fr\/","sameAs":["https:\/\/www.instagram.com\/casapietra_restaurant\/","https:\/\/www.facebook.com\/casapietrarestaurant\/"],"logo":{"@type":"ImageObject","inLanguage":"fr-FR","@id":"https:\/\/www.casapietra.fr\/#\/schema\/logo\/image\/","url":"http:\/\/www.casapietra.fr\/wp-content\/uploads\/2021\/05\/cropped-cropped-LOGO-CASA-PIETRA-150150.jpg","contentUrl":"http:\/\/www.casapietra.fr\/wp-content\/uploads\/2021\/05\/cropped-cropped-LOGO-CASA-PIETRA-150150.jpg","width":150,"height":150,"caption":"Casa Pietra"},"image":{"@id":"https:\/\/www.casapietra.fr\/#\/schema\/logo\/image\/"}},{"@type":"WebSite","@id":"https:\/\/www.casapietra.fr\/#website","url":"https:\/\/www.casapietra.fr\/","name":"CASAPIETRA","description":"Cuisine locale","publisher":{"@id":"https:\/\/www.casapietra.fr\/#organization"},"potentialAction":[{"@type":"SearchAction","target":{"@type":"EntryPoint","urlTemplate":"https:\/\/www.casapietra.fr\/?s={search_term_string}"},"query-input":"required name=search_term_string"}],"inLanguage":"fr-FR"},{"@type":"WebPage","@id":"https:\/\/www.casapietra.fr\/index.php\/notre-concept\/","url":"https:\/\/www.casapietra.fr\/index.php\/notre-concept\/","name":"Notre concept - Restaurant Casa Pietra \u00e0 S\u00e9lestat, Alsace","isPartOf":{"@id":"https:\/\/www.casapietra.fr\/#website"},"datePublished":"2021-12-10T12:48:06+00:00","dateModified":"2024-09-11T14:59:26+00:00","description":"D\u00e9couvrez un restaurant bistronomique proposant des produits de qualit\u00e9 s\u00e9lectionn\u00e9s aupr\u00e8s d'\u00e9leveurs et d'agriculteurs passionn\u00e9s.","breadcrumb":{"@id":"https:\/\/www.casapietra.fr\/index.php\/notre-concept\/#breadcrumb"},"inLanguage":"fr-FR","potentialAction":[{"@type":"ReadAction","target":["https:\/\/www.casapietra.fr\/index.php\/notre-concept\/"]}]},{"@type":"BreadcrumbList","@id":"https:\/\/www.casapietra.fr\/index.php\/notre-concept\/#breadcrumb","itemListElement":[{"@type":"ListItem","position":1,"name":"Accueil","item":"https:\/\/www.casapietra.fr\/"},{"@type":"ListItem","position":2,"name":"Notre concept"}]}]}},"_links":{"self":[{"href":"https:\/\/www.casapietra.fr\/index.php\/wp-json\/wp\/v2\/pages\/466"}],"collection":[{"href":"https:\/\/www.casapietra.fr\/index.php\/wp-json\/wp\/v2\/pages"}],"about":[{"href":"https:\/\/www.casapietra.fr\/index.php\/wp-json\/wp\/v2\/types\/page"}],"author":[{"embeddable":true,"href":"https:\/\/www.casapietra.fr\/index.php\/wp-json\/wp\/v2\/users\/1"}],"replies":[{"embeddable":true,"href":"https:\/\/www.casapietra.fr\/index.php\/wp-json\/wp\/v2\/comments?post=466"}],"version-history":[{"count":10,"href":"https:\/\/www.casapietra.fr\/index.php\/wp-json\/wp\/v2\/pages\/466\/revisions"}],"predecessor-version":[{"id":846,"href":"https:\/\/www.casapietra.fr\/index.php\/wp-json\/wp\/v2\/pages\/466\/revisions\/846"}],"wp:attachment":[{"href":"https:\/\/www.casapietra.fr\/index.php\/wp-json\/wp\/v2\/media?parent=466"}],"curies":[{"name":"wp","href":"https:\/\/api.w.org\/{rel}","templated":true}]}}