{"id":499,"date":"2021-12-10T14:34:58","date_gmt":"2021-12-10T13:34:58","guid":{"rendered":"http:\/\/www.casapietra.fr\/index.php\/499-2\/"},"modified":"2026-04-13T08:47:36","modified_gmt":"2026-04-13T06:47:36","slug":"accueil","status":"publish","type":"page","link":"https:\/\/www.casapietra.fr\/","title":{"rendered":"Page Accueil"},"content":{"rendered":"\t\t<div data-elementor-type=\"wp-page\" data-elementor-id=\"499\" class=\"elementor elementor-499\">\n\t\t\t\t\t\t\t\t\t<section class=\"elementor-section elementor-top-section elementor-element elementor-element-3cd3d4e elementor-section-boxed elementor-section-height-default elementor-section-height-default\" data-id=\"3cd3d4e\" data-element_type=\"section\">\n\t\t\t\t\t\t<div class=\"elementor-container elementor-column-gap-default\">\n\t\t\t\t\t<div class=\"elementor-column elementor-col-100 elementor-top-column elementor-element elementor-element-cb8fd4a\" data-id=\"cb8fd4a\" data-element_type=\"column\">\n\t\t\t<div class=\"elementor-widget-wrap elementor-element-populated\">\n\t\t\t\t\t\t\t\t<div class=\"elementor-element elementor-element-613d1ea elementor-widget elementor-widget-image\" data-id=\"613d1ea\" data-element_type=\"widget\" data-widget_type=\"image.default\">\n\t\t\t\t<div class=\"elementor-widget-container\">\n\t\t\t<style>\/*! elementor - v3.11.5 - 14-03-2023 *\/\n.elementor-widget-image{text-align:center}.elementor-widget-image a{display:inline-block}.elementor-widget-image a img[src$=\".svg\"]{width:48px}.elementor-widget-image img{vertical-align:middle;display:inline-block}<\/style>\t\t\t\t\t\t\t\t\t\t\t\t<img width=\"911\" height=\"270\" src=\"https:\/\/www.casapietra.fr\/wp-content\/uploads\/2024\/09\/Capture-de\u0301cran-2021-12-10-a\u0300-14.48.28.png\" class=\"attachment-large size-large wp-image-874\" alt=\"\" loading=\"lazy\" srcset=\"https:\/\/www.casapietra.fr\/wp-content\/uploads\/2024\/09\/Capture-de\u0301cran-2021-12-10-a\u0300-14.48.28.png 911w, https:\/\/www.casapietra.fr\/wp-content\/uploads\/2024\/09\/Capture-de\u0301cran-2021-12-10-a\u0300-14.48.28-300x89.png 300w, https:\/\/www.casapietra.fr\/wp-content\/uploads\/2024\/09\/Capture-de\u0301cran-2021-12-10-a\u0300-14.48.28-768x228.png 768w\" sizes=\"(max-width: 911px) 100vw, 911px\" \/>\t\t\t\t\t\t\t\t\t\t\t\t\t\t\t<\/div>\n\t\t\t\t<\/div>\n\t\t\t\t\t<\/div>\n\t\t<\/div>\n\t\t\t\t\t\t\t<\/div>\n\t\t<\/section>\n\t\t\t\t<section class=\"elementor-section elementor-top-section elementor-element elementor-element-275822c elementor-section-boxed elementor-section-height-default elementor-section-height-default\" data-id=\"275822c\" data-element_type=\"section\">\n\t\t\t\t\t\t<div class=\"elementor-container elementor-column-gap-default\">\n\t\t\t\t\t<div class=\"elementor-column elementor-col-100 elementor-top-column elementor-element elementor-element-62f28d9\" data-id=\"62f28d9\" data-element_type=\"column\">\n\t\t\t<div class=\"elementor-widget-wrap elementor-element-populated\">\n\t\t\t\t\t\t\t\t<div class=\"elementor-element elementor-element-791b669 elementor-widget elementor-widget-heading\" data-id=\"791b669\" data-element_type=\"widget\" data-widget_type=\"heading.default\">\n\t\t\t\t<div class=\"elementor-widget-container\">\n\t\t\t<style>\/*! elementor - v3.11.5 - 14-03-2023 *\/\n.elementor-heading-title{padding:0;margin:0;line-height:1}.elementor-widget-heading .elementor-heading-title[class*=elementor-size-]>a{color:inherit;font-size:inherit;line-height:inherit}.elementor-widget-heading .elementor-heading-title.elementor-size-small{font-size:15px}.elementor-widget-heading .elementor-heading-title.elementor-size-medium{font-size:19px}.elementor-widget-heading .elementor-heading-title.elementor-size-large{font-size:29px}.elementor-widget-heading .elementor-heading-title.elementor-size-xl{font-size:39px}.elementor-widget-heading .elementor-heading-title.elementor-size-xxl{font-size:59px}<\/style><h2 class=\"elementor-heading-title elementor-size-default\">Le restaurant en images<\/h2>\t\t<\/div>\n\t\t\t\t<\/div>\n\t\t\t\t\t<\/div>\n\t\t<\/div>\n\t\t\t\t\t\t\t<\/div>\n\t\t<\/section>\n\t\t\t\t<section class=\"elementor-section elementor-top-section elementor-element elementor-element-b626d25 elementor-section-boxed elementor-section-height-default elementor-section-height-default\" data-id=\"b626d25\" data-element_type=\"section\">\n\t\t\t\t\t\t<div class=\"elementor-container elementor-column-gap-default\">\n\t\t\t\t\t<div class=\"elementor-column elementor-col-100 elementor-top-column elementor-element elementor-element-fc7cf6f\" data-id=\"fc7cf6f\" data-element_type=\"column\">\n\t\t\t<div class=\"elementor-widget-wrap elementor-element-populated\">\n\t\t\t\t\t\t\t\t<div class=\"elementor-element elementor-element-0ee8767 elementor-arrows-position-inside elementor-pagination-position-outside elementor-widget elementor-widget-image-carousel\" data-id=\"0ee8767\" data-element_type=\"widget\" data-settings=\"{&quot;navigation&quot;:&quot;both&quot;,&quot;autoplay&quot;:&quot;yes&quot;,&quot;pause_on_hover&quot;:&quot;yes&quot;,&quot;pause_on_interaction&quot;:&quot;yes&quot;,&quot;autoplay_speed&quot;:5000,&quot;infinite&quot;:&quot;yes&quot;,&quot;speed&quot;:500}\" data-widget_type=\"image-carousel.default\">\n\t\t\t\t<div class=\"elementor-widget-container\">\n\t\t\t<style>\/*! elementor - v3.11.5 - 14-03-2023 *\/\n.elementor-widget-image-carousel .swiper,.elementor-widget-image-carousel .swiper-container{position:static}.elementor-widget-image-carousel .swiper-container .swiper-slide figure,.elementor-widget-image-carousel .swiper .swiper-slide figure{line-height:inherit}.elementor-widget-image-carousel .swiper-slide{text-align:center}.elementor-image-carousel-wrapper:not(.swiper-container-initialized) .swiper-slide,.elementor-image-carousel-wrapper:not(.swiper-initialized) .swiper-slide{max-width:calc(100% \/ var(--e-image-carousel-slides-to-show, 3))}<\/style>\t\t<div class=\"elementor-image-carousel-wrapper swiper-container\" dir=\"ltr\">\n\t\t\t<div class=\"elementor-image-carousel swiper-wrapper\">\n\t\t\t\t\t\t\t\t<div class=\"swiper-slide\"><figure class=\"swiper-slide-inner\"><img class=\"swiper-slide-image\" src=\"https:\/\/www.casapietra.fr\/wp-content\/uploads\/elementor\/thumbs\/DSC08323-Modifi-pwvflewcz8pau3rsavez4thvp6o6big0skp5w9sz2g.png\" alt=\"DSC08323-Modifi\" \/><\/figure><\/div><div class=\"swiper-slide\"><figure class=\"swiper-slide-inner\"><img class=\"swiper-slide-image\" src=\"https:\/\/www.casapietra.fr\/wp-content\/uploads\/elementor\/thumbs\/302496923_362102939471141_1169210979559912322_n-pwvefps3stmdsuc8scjs0uar0u6zuvwoq6uqhdmp3c.jpg\" alt=\"302496923_362102939471141_1169210979559912322_n\" \/><\/figure><\/div><div class=\"swiper-slide\"><figure class=\"swiper-slide-inner\"><img class=\"swiper-slide-image\" src=\"https:\/\/www.casapietra.fr\/wp-content\/uploads\/elementor\/thumbs\/DSC08319-scaled-pwvb9oywrbj7fpyplk80244sv6734o8vdtxbq0oxvs.jpg\" alt=\"DSC08319\" \/><\/figure><\/div><div class=\"swiper-slide\"><figure class=\"swiper-slide-inner\"><img class=\"swiper-slide-image\" src=\"https:\/\/www.casapietra.fr\/wp-content\/uploads\/elementor\/thumbs\/IMG_13561-scaled-phb8vpx6xp45vrqla59mkbg2iym0dd1mhtiwodr3wo.jpg\" alt=\"IMG_13561\" \/><\/figure><\/div><div class=\"swiper-slide\"><figure class=\"swiper-slide-inner\"><img class=\"swiper-slide-image\" src=\"https:\/\/www.casapietra.fr\/wp-content\/uploads\/elementor\/thumbs\/cropped-cropped-IMG_1363-scaled-3-phb0c56elc2etaidb70gnxm4rym5mvzljgj3ctsryg.jpg\" alt=\"cropped-cropped-IMG_1363-scaled-3.jpg\" \/><\/figure><\/div>\t\t\t<\/div>\n\t\t\t\t\t\t\t\t\t\t\t\t<div class=\"swiper-pagination\"><\/div>\n\t\t\t\t\t\t\t\t\t\t\t\t\t<div class=\"elementor-swiper-button elementor-swiper-button-prev\">\n\t\t\t\t\t\t<i aria-hidden=\"true\" class=\"eicon-chevron-left\"><\/i>\t\t\t\t\t\t<span class=\"elementor-screen-only\">Pr\u00e9c\u00e9dent<\/span>\n\t\t\t\t\t<\/div>\n\t\t\t\t\t<div class=\"elementor-swiper-button elementor-swiper-button-next\">\n\t\t\t\t\t\t<i aria-hidden=\"true\" class=\"eicon-chevron-right\"><\/i>\t\t\t\t\t\t<span class=\"elementor-screen-only\">Suivant<\/span>\n\t\t\t\t\t<\/div>\n\t\t\t\t\t\t\t\t\t<\/div>\n\t\t\t\t<\/div>\n\t\t\t\t<\/div>\n\t\t\t\t\t<\/div>\n\t\t<\/div>\n\t\t\t\t\t\t\t<\/div>\n\t\t<\/section>\n\t\t\t\t<section class=\"elementor-section elementor-top-section elementor-element elementor-element-52dfbdd elementor-section-boxed elementor-section-height-default elementor-section-height-default\" data-id=\"52dfbdd\" data-element_type=\"section\">\n\t\t\t\t\t\t<div class=\"elementor-container elementor-column-gap-default\">\n\t\t\t\t\t<div class=\"elementor-column elementor-col-100 elementor-top-column elementor-element elementor-element-92389f3\" data-id=\"92389f3\" data-element_type=\"column\">\n\t\t\t<div class=\"elementor-widget-wrap elementor-element-populated\">\n\t\t\t\t\t\t\t\t\t<\/div>\n\t\t<\/div>\n\t\t\t\t\t\t\t<\/div>\n\t\t<\/section>\n\t\t\t\t<section class=\"elementor-section elementor-top-section elementor-element elementor-element-6af5c00 elementor-section-boxed elementor-section-height-default elementor-section-height-default\" data-id=\"6af5c00\" data-element_type=\"section\">\n\t\t\t\t\t\t<div class=\"elementor-container elementor-column-gap-default\">\n\t\t\t\t\t<div class=\"elementor-column elementor-col-100 elementor-top-column elementor-element elementor-element-f6187ae\" data-id=\"f6187ae\" data-element_type=\"column\">\n\t\t\t<div class=\"elementor-widget-wrap elementor-element-populated\">\n\t\t\t\t\t\t\t\t<div class=\"elementor-element elementor-element-32aeb4e elementor-widget elementor-widget-heading\" data-id=\"32aeb4e\" data-element_type=\"widget\" data-widget_type=\"heading.default\">\n\t\t\t\t<div class=\"elementor-widget-container\">\n\t\t\t<h2 class=\"elementor-heading-title elementor-size-default\">Menu de la semaine<\/h2>\t\t<\/div>\n\t\t\t\t<\/div>\n\t\t\t\t\t<\/div>\n\t\t<\/div>\n\t\t\t\t\t\t\t<\/div>\n\t\t<\/section>\n\t\t\t\t<section class=\"elementor-section elementor-top-section elementor-element elementor-element-1b7db29 elementor-section-boxed elementor-section-height-default elementor-section-height-default\" data-id=\"1b7db29\" data-element_type=\"section\">\n\t\t\t\t\t\t<div class=\"elementor-container elementor-column-gap-default\">\n\t\t\t\t\t<div class=\"elementor-column elementor-col-100 elementor-top-column elementor-element elementor-element-73461a1\" data-id=\"73461a1\" data-element_type=\"column\">\n\t\t\t<div class=\"elementor-widget-wrap elementor-element-populated\">\n\t\t\t\t\t\t\t\t<div class=\"elementor-element elementor-element-937fdc4 elementor-widget elementor-widget-image\" data-id=\"937fdc4\" data-element_type=\"widget\" data-widget_type=\"image.default\">\n\t\t\t\t<div class=\"elementor-widget-container\">\n\t\t\t\t\t\t\t\t\t\t\t\t\t\t\t<img width=\"724\" height=\"1024\" src=\"https:\/\/www.casapietra.fr\/wp-content\/uploads\/2026\/04\/menu-du-8-au-1212-1-724x1024.png\" class=\"attachment-large size-large wp-image-1095\" alt=\"\" loading=\"lazy\" srcset=\"https:\/\/www.casapietra.fr\/wp-content\/uploads\/2026\/04\/menu-du-8-au-1212-1-724x1024.png 724w, https:\/\/www.casapietra.fr\/wp-content\/uploads\/2026\/04\/menu-du-8-au-1212-1-212x300.png 212w, https:\/\/www.casapietra.fr\/wp-content\/uploads\/2026\/04\/menu-du-8-au-1212-1-768x1086.png 768w, https:\/\/www.casapietra.fr\/wp-content\/uploads\/2026\/04\/menu-du-8-au-1212-1-1086x1536.png 1086w, https:\/\/www.casapietra.fr\/wp-content\/uploads\/2026\/04\/menu-du-8-au-1212-1.png 1414w\" sizes=\"(max-width: 724px) 100vw, 724px\" \/>\t\t\t\t\t\t\t\t\t\t\t\t\t\t\t<\/div>\n\t\t\t\t<\/div>\n\t\t\t\t\t<\/div>\n\t\t<\/div>\n\t\t\t\t\t\t\t<\/div>\n\t\t<\/section>\n\t\t\t\t\t\t\t<\/div>\n\t\t","protected":false},"excerpt":{"rendered":"<p>Le restaurant en images Pr\u00e9c\u00e9dent Suivant Menu de la semaine<\/p>\n","protected":false},"author":1,"featured_media":0,"parent":0,"menu_order":0,"comment_status":"closed","ping_status":"closed","template":"","meta":[],"yoast_head":"<!-- This site is optimized with the Yoast SEO plugin v19.4 - https:\/\/yoast.com\/wordpress\/plugins\/seo\/ -->\n<title>Restaurant Casa Pietra \u00e0 S\u00e9lestat, Alsace<\/title>\n<meta name=\"description\" content=\"D\u00e9couvrez \u00e0 S\u00e9lestat en Alsace le restaurant Casa Pietra et sa cuisine authentique inspir\u00e9e par les saisons et les producteurs locaux.\" \/>\n<meta name=\"robots\" content=\"index, follow, max-snippet:-1, max-image-preview:large, max-video-preview:-1\" \/>\n<link rel=\"canonical\" href=\"https:\/\/www.casapietra.fr\/\" \/>\n<meta property=\"og:locale\" content=\"fr_FR\" \/>\n<meta property=\"og:type\" content=\"article\" \/>\n<meta property=\"og:title\" content=\"Restaurant Casa Pietra \u00e0 S\u00e9lestat, Alsace\" \/>\n<meta property=\"og:description\" content=\"D\u00e9couvrez \u00e0 S\u00e9lestat en Alsace le restaurant Casa Pietra et sa cuisine authentique inspir\u00e9e par les saisons et les producteurs locaux.\" \/>\n<meta property=\"og:url\" content=\"https:\/\/www.casapietra.fr\/\" \/>\n<meta property=\"og:site_name\" content=\"CASAPIETRA\" \/>\n<meta property=\"article:publisher\" content=\"https:\/\/www.facebook.com\/casapietrarestaurant\/\" \/>\n<meta property=\"article:modified_time\" content=\"2026-04-13T06:47:36+00:00\" \/>\n<meta property=\"og:image\" content=\"https:\/\/www.casapietra.fr\/wp-content\/uploads\/elementor\/thumbs\/DSC08323-Modifi-pwvflewcz8pau3rsavez4thvp6o6big0skp5w9sz2g.png\" \/>\n<meta name=\"twitter:card\" content=\"summary_large_image\" \/>\n<meta name=\"twitter:label1\" content=\"Dur\u00e9e de lecture estim\u00e9e\" \/>\n\t<meta name=\"twitter:data1\" content=\"3 minutes\" \/>\n<script type=\"application\/ld+json\" class=\"yoast-schema-graph\">{\"@context\":\"https:\/\/schema.org\",\"@graph\":[{\"@type\":\"Organization\",\"@id\":\"https:\/\/www.casapietra.fr\/#organization\",\"name\":\"Casa Pietra\",\"url\":\"https:\/\/www.casapietra.fr\/\",\"sameAs\":[\"https:\/\/www.instagram.com\/casapietra_restaurant\/\",\"https:\/\/www.facebook.com\/casapietrarestaurant\/\"],\"logo\":{\"@type\":\"ImageObject\",\"inLanguage\":\"fr-FR\",\"@id\":\"https:\/\/www.casapietra.fr\/#\/schema\/logo\/image\/\",\"url\":\"http:\/\/www.casapietra.fr\/wp-content\/uploads\/2021\/05\/cropped-cropped-LOGO-CASA-PIETRA-150150.jpg\",\"contentUrl\":\"http:\/\/www.casapietra.fr\/wp-content\/uploads\/2021\/05\/cropped-cropped-LOGO-CASA-PIETRA-150150.jpg\",\"width\":150,\"height\":150,\"caption\":\"Casa Pietra\"},\"image\":{\"@id\":\"https:\/\/www.casapietra.fr\/#\/schema\/logo\/image\/\"}},{\"@type\":\"WebSite\",\"@id\":\"https:\/\/www.casapietra.fr\/#website\",\"url\":\"https:\/\/www.casapietra.fr\/\",\"name\":\"CASAPIETRA\",\"description\":\"Cuisine locale\",\"publisher\":{\"@id\":\"https:\/\/www.casapietra.fr\/#organization\"},\"potentialAction\":[{\"@type\":\"SearchAction\",\"target\":{\"@type\":\"EntryPoint\",\"urlTemplate\":\"https:\/\/www.casapietra.fr\/?s={search_term_string}\"},\"query-input\":\"required name=search_term_string\"}],\"inLanguage\":\"fr-FR\"},{\"@type\":\"WebPage\",\"@id\":\"https:\/\/www.casapietra.fr\/\",\"url\":\"https:\/\/www.casapietra.fr\/\",\"name\":\"Restaurant Casa Pietra \u00e0 S\u00e9lestat, Alsace\",\"isPartOf\":{\"@id\":\"https:\/\/www.casapietra.fr\/#website\"},\"datePublished\":\"2021-12-10T13:34:58+00:00\",\"dateModified\":\"2026-04-13T06:47:36+00:00\",\"description\":\"D\u00e9couvrez \u00e0 S\u00e9lestat en Alsace le restaurant Casa Pietra et sa cuisine authentique inspir\u00e9e par les saisons et les producteurs locaux.\",\"breadcrumb\":{\"@id\":\"https:\/\/www.casapietra.fr\/#breadcrumb\"},\"inLanguage\":\"fr-FR\",\"potentialAction\":[{\"@type\":\"ReadAction\",\"target\":[\"https:\/\/www.casapietra.fr\/\"]}]},{\"@type\":\"BreadcrumbList\",\"@id\":\"https:\/\/www.casapietra.fr\/#breadcrumb\",\"itemListElement\":[{\"@type\":\"ListItem\",\"position\":1,\"name\":\"Accueil\",\"item\":\"https:\/\/www.casapietra.fr\/\"},{\"@type\":\"ListItem\",\"position\":2,\"name\":\"Page Accueil\"}]}]}<\/script>\n<!-- \/ Yoast SEO plugin. -->","yoast_head_json":{"title":"Restaurant Casa Pietra \u00e0 S\u00e9lestat, Alsace","description":"D\u00e9couvrez \u00e0 S\u00e9lestat en Alsace le restaurant Casa Pietra et sa cuisine authentique inspir\u00e9e par les saisons et les producteurs locaux.","robots":{"index":"index","follow":"follow","max-snippet":"max-snippet:-1","max-image-preview":"max-image-preview:large","max-video-preview":"max-video-preview:-1"},"canonical":"https:\/\/www.casapietra.fr\/","og_locale":"fr_FR","og_type":"article","og_title":"Restaurant Casa Pietra \u00e0 S\u00e9lestat, Alsace","og_description":"D\u00e9couvrez \u00e0 S\u00e9lestat en Alsace le restaurant Casa Pietra et sa cuisine authentique inspir\u00e9e par les saisons et les producteurs locaux.","og_url":"https:\/\/www.casapietra.fr\/","og_site_name":"CASAPIETRA","article_publisher":"https:\/\/www.facebook.com\/casapietrarestaurant\/","article_modified_time":"2026-04-13T06:47:36+00:00","og_image":[{"url":"https:\/\/www.casapietra.fr\/wp-content\/uploads\/elementor\/thumbs\/DSC08323-Modifi-pwvflewcz8pau3rsavez4thvp6o6big0skp5w9sz2g.png"}],"twitter_card":"summary_large_image","twitter_misc":{"Dur\u00e9e de lecture estim\u00e9e":"3 minutes"},"schema":{"@context":"https:\/\/schema.org","@graph":[{"@type":"Organization","@id":"https:\/\/www.casapietra.fr\/#organization","name":"Casa Pietra","url":"https:\/\/www.casapietra.fr\/","sameAs":["https:\/\/www.instagram.com\/casapietra_restaurant\/","https:\/\/www.facebook.com\/casapietrarestaurant\/"],"logo":{"@type":"ImageObject","inLanguage":"fr-FR","@id":"https:\/\/www.casapietra.fr\/#\/schema\/logo\/image\/","url":"http:\/\/www.casapietra.fr\/wp-content\/uploads\/2021\/05\/cropped-cropped-LOGO-CASA-PIETRA-150150.jpg","contentUrl":"http:\/\/www.casapietra.fr\/wp-content\/uploads\/2021\/05\/cropped-cropped-LOGO-CASA-PIETRA-150150.jpg","width":150,"height":150,"caption":"Casa Pietra"},"image":{"@id":"https:\/\/www.casapietra.fr\/#\/schema\/logo\/image\/"}},{"@type":"WebSite","@id":"https:\/\/www.casapietra.fr\/#website","url":"https:\/\/www.casapietra.fr\/","name":"CASAPIETRA","description":"Cuisine locale","publisher":{"@id":"https:\/\/www.casapietra.fr\/#organization"},"potentialAction":[{"@type":"SearchAction","target":{"@type":"EntryPoint","urlTemplate":"https:\/\/www.casapietra.fr\/?s={search_term_string}"},"query-input":"required name=search_term_string"}],"inLanguage":"fr-FR"},{"@type":"WebPage","@id":"https:\/\/www.casapietra.fr\/","url":"https:\/\/www.casapietra.fr\/","name":"Restaurant Casa Pietra \u00e0 S\u00e9lestat, Alsace","isPartOf":{"@id":"https:\/\/www.casapietra.fr\/#website"},"datePublished":"2021-12-10T13:34:58+00:00","dateModified":"2026-04-13T06:47:36+00:00","description":"D\u00e9couvrez \u00e0 S\u00e9lestat en Alsace le restaurant Casa Pietra et sa cuisine authentique inspir\u00e9e par les saisons et les producteurs locaux.","breadcrumb":{"@id":"https:\/\/www.casapietra.fr\/#breadcrumb"},"inLanguage":"fr-FR","potentialAction":[{"@type":"ReadAction","target":["https:\/\/www.casapietra.fr\/"]}]},{"@type":"BreadcrumbList","@id":"https:\/\/www.casapietra.fr\/#breadcrumb","itemListElement":[{"@type":"ListItem","position":1,"name":"Accueil","item":"https:\/\/www.casapietra.fr\/"},{"@type":"ListItem","position":2,"name":"Page Accueil"}]}]}},"_links":{"self":[{"href":"https:\/\/www.casapietra.fr\/index.php\/wp-json\/wp\/v2\/pages\/499"}],"collection":[{"href":"https:\/\/www.casapietra.fr\/index.php\/wp-json\/wp\/v2\/pages"}],"about":[{"href":"https:\/\/www.casapietra.fr\/index.php\/wp-json\/wp\/v2\/types\/page"}],"author":[{"embeddable":true,"href":"https:\/\/www.casapietra.fr\/index.php\/wp-json\/wp\/v2\/users\/1"}],"replies":[{"embeddable":true,"href":"https:\/\/www.casapietra.fr\/index.php\/wp-json\/wp\/v2\/comments?post=499"}],"version-history":[{"count":150,"href":"https:\/\/www.casapietra.fr\/index.php\/wp-json\/wp\/v2\/pages\/499\/revisions"}],"predecessor-version":[{"id":1098,"href":"https:\/\/www.casapietra.fr\/index.php\/wp-json\/wp\/v2\/pages\/499\/revisions\/1098"}],"wp:attachment":[{"href":"https:\/\/www.casapietra.fr\/index.php\/wp-json\/wp\/v2\/media?parent=499"}],"curies":[{"name":"wp","href":"https:\/\/api.w.org\/{rel}","templated":true}]}}